{"id":1331,"date":"2025-11-13T08:47:34","date_gmt":"2025-11-13T08:47:34","guid":{"rendered":"https:\/\/velstarengineering.com\/de\/?page_id=1331"},"modified":"2025-11-13T08:59:40","modified_gmt":"2025-11-13T08:59:40","slug":"datenschutzrichtlinie-und-cookie-richtlinie","status":"publish","type":"page","link":"https:\/\/velstarengineering.com\/de\/home\/datenschutzrichtlinie-und-cookie-richtlinie\/","title":{"rendered":"Datenschutzrichtlinie und Cookie-Richtlinie"},"content":{"rendered":"\n<p><strong>Zuletzt aktualisiert:<\/strong> 13. November 2025<\/p>\n\n\n\n<h2 class=\"gb-headline gb-headline-ba39c80e gb-headline-text\"><strong>1. Datenverantwortlicher<\/strong> <\/h2>\n\n\n\n<p>Der Verantwortliche f\u00fcr Ihre personenbezogenen Daten ist: VELSTAR HALDUS O\u00dc, Registrierungscode: 12601130, Umsatzsteuer-ID: EE102650662, E-Mail: info [at] velstarengineering.com.<\/p>\n\n\n\n<p>Wir verpflichten uns, Ihre Privatsph\u00e4re zu sch\u00fctzen. Diese Richtlinie beschreibt, wie wir mit personenbezogenen Daten umgehen.<\/p>\n\n\n\n<h2 class=\"gb-headline gb-headline-71de4562 gb-headline-text\"><strong>2. Personenbezogene Daten, die wir verarbeiten<\/strong><\/h2>\n\n\n\n<p>Diese Website verwendet keine Kontaktformulare oder andere Methoden, um Ihre personenbezogenen Daten aktiv zu erfassen. Die einzige Datenverarbeitung findet in den folgenden beiden Szenarien statt:<\/p>\n\n\n\n<ul class=\"wp-block-list\">\n<li><strong>Wenn Sie uns per E-Mail kontaktieren:<\/strong> <br>Wenn Sie sich entscheiden, uns eine E-Mail an unsere angegebene Adresse zu senden, verarbeiten wir die Daten, die Sie freiwillig zur Verf\u00fcgung stellen (wie Ihren Namen, Ihre E-Mail-Adresse und den Inhalt Ihrer Nachricht).<\/li>\n\n\n\n<li><strong>Wenn Sie unsere Website besuchen (Cookies):<\/strong> <br>Wir erheben anonyme statistische Daten \u00fcber Ihren Besuch mithilfe von Cookies, wie in unserer Cookie-Richtlinie unten aufgef\u00fchrt.<\/li>\n<\/ul>\n\n\n\n<h2 class=\"gb-headline gb-headline-328fc670 gb-headline-text\"><strong>3. Rechtsgrundlage und Zweck der Verarbeitung<\/strong><\/h2>\n\n\n\n<ul class=\"wp-block-list\">\n<li><strong>Beantwortung von Anfragen (E-Mail):<\/strong> <br>Wir verarbeiten die Daten, die Sie uns per E-Mail senden, auf der Grundlage unseres berechtigten Interesses, auf Ihre Anfragen zu antworten, technische Beratung zu leisten oder auf Ihre Anfrage hin Schritte vor Abschluss eines Vertrags zu unternehmen (z. B. Erstellung eines Angebots).<\/li>\n\n\n\n<li><strong>Website-Statistiken (Cookies):<\/strong> <br>Wir verarbeiten anonyme Daten, um zu verstehen, wie Besucher mit unserer Website interagieren. Dies hilft uns, die Funktionalit\u00e4t der Website und die Benutzererfahrung zu verbessern. Die Rechtsgrundlage hierf\u00fcr ist Ihre Einwilligung, die Sie \u00fcber unser Cookie-Banner erteilen, oder unser berechtigtes Interesse an der Analyse von nicht-intrusivem, aggregiertem Website-Traffic.<\/li>\n<\/ul>\n\n\n\n<h2 class=\"gb-headline gb-headline-149f026e gb-headline-text\"><strong>4. Cookie-Richtlinie<\/strong><\/h2>\n\n\n\n<p><strong>Was sind Cookies?<\/strong> <br>Cookies sind kleine Textdateien, die auf Ihrem Ger\u00e4t (Computer, Smartphone usw.) abgelegt werden, wenn Sie eine Website besuchen.<\/p>\n\n\n\n<p><strong>Wie wir Cookies verwenden<\/strong>: <br>Diese Website verwendet Cookies <strong>ausschlie\u00dflich zu statistischen Zwecken<\/strong>. Wir verwenden keine Werbe- oder Tracking-Cookies.<\/p>\n\n\n\n<p>Wir verwenden den Google Tag Manager, um die folgenden Analysetools zu implementieren:<\/p>\n\n\n\n<ul class=\"wp-block-list\">\n<li><strong>Google Analytics:<\/strong> <br>Dieses Tool hilft uns, den Website-Verkehr zu verstehen, z. B. welche Seiten am beliebtesten sind und wie Besucher auf der Website navigieren. Die Daten werden aggregiert und anonymisiert.<\/li>\n\n\n\n<li><strong>Bing Webmaster Tools:<\/strong> <br>Dieser Dienst hilft uns, die Pr\u00e4senz unserer Website in den Bing-Suchergebnissen zu \u00fcberwachen.<\/li>\n\n\n\n<li><strong>Microsoft Clarity:<\/strong> <br>Dieses Tool hilft uns, die Benutzererfahrung zu verstehen, indem es auf anonymer Basis Einblicke in die Interaktion der Benutzer mit unserer Website (z.B. Heatmaps und Sitzungsaufzeichnungen) liefert.<\/li>\n<\/ul>\n\n\n\n<p><br>Alle durch diese Tools gesammelten Daten werden nur zur Verbesserung unserer Website und Dienstleistungen verwendet.<\/p>\n\n\n\n<p><strong>Verwaltung von Cookies<\/strong> Sie k\u00f6nnen Cookies nach Belieben steuern und\/oder l\u00f6schen. Sie k\u00f6nnen alle Cookies l\u00f6schen, die sich bereits auf Ihrem Computer befinden, und Sie k\u00f6nnen die meisten Browser so einstellen, dass das Platzieren von Cookies verhindert wird. Wenn Sie dies tun, m\u00fcssen Sie jedoch m\u00f6glicherweise bei jedem Besuch einer Website einige Einstellungen manuell anpassen.<\/p>\n\n\n\n<h2 class=\"gb-headline gb-headline-ee84da9a gb-headline-text\"><strong>5. Datenweitergabe und Dritte<\/strong> <\/h2>\n\n\n\n<p>Wir verkaufen, handeln oder \u00fcbertragen Ihre personenbezogenen Daten nicht an Dritte.<\/p>\n\n\n\n<p>Die \u00fcber Cookies gesammelten anonymen statistischen Daten werden von unseren Analyseanbietern (Google LLC und Microsoft Corporation) gem\u00e4\u00df deren jeweiligen Datenschutzrichtlinien verarbeitet.<\/p>\n\n\n\n<p>Alle Daten, die Sie uns per E-Mail senden, werden vertraulich behandelt und ohne Ihre ausdr\u00fcckliche Zustimmung nicht an Dritte weitergegeben, es sei denn, dies ist gesetzlich vorgeschrieben.<\/p>\n\n\n\n<h2 class=\"gb-headline gb-headline-47dc9bba gb-headline-text\"><strong>6. Datenspeicherung<\/strong><\/h2>\n\n\n\n<ul class=\"wp-block-list\">\n<li><strong>E-Mail-Daten:<\/strong> <br>Wir bewahren Daten aus E-Mail-Anfragen so lange auf, wie es zur Erf\u00fcllung der Anfrage, zur Verwaltung einer potenziellen Kundenbeziehung oder gem\u00e4\u00df estnischem Recht (z. B. zu Buchhaltungszwecken) erforderlich ist.<\/li>\n\n\n\n<li><strong>Cookie-Daten:<\/strong> <br>Statistische Daten werden gem\u00e4\u00df den Richtlinien von Google und Microsoft gespeichert.<\/li>\n<\/ul>\n\n\n\n<h2 class=\"gb-headline gb-headline-717d2b9f gb-headline-text\"><strong>7. Ihre Rechte (DSGVO)<\/strong> <\/h2>\n\n\n\n<p>Als betroffene Person haben Sie das Recht:<\/p>\n\n\n\n<ul class=\"wp-block-list\">\n<li>Auskunft \u00fcber die personenbezogenen Daten zu verlangen, die wir \u00fcber Sie speichern.<\/li>\n\n\n\n<li>Die Berichtigung falscher Daten zu verlangen.<\/li>\n\n\n\n<li>Die L\u00f6schung Ihrer Daten zu verlangen (&#8222;Recht auf Vergessenwerden&#8220;).<\/li>\n\n\n\n<li>Der Verarbeitung Ihrer Daten zu widersprechen.<\/li>\n\n\n\n<li>Die Einschr\u00e4nkung der Verarbeitung zu verlangen.<\/li>\n<\/ul>\n\n\n\n<p><br>Um eines dieser Rechte auszu\u00fcben, kontaktieren Sie uns bitte unter info [at] velstarengineering.com. Sie haben auch das Recht, eine Beschwerde bei der estnischen Datenschutzinspektion (Andmekaitse Inspektsioon) einzureichen.<\/p>\n\n\n\n<h2 class=\"gb-headline gb-headline-81a22975 gb-headline-text\"><strong>8. \u00c4nderungen der Richtlinie<\/strong> <\/h2>\n\n\n\n<p>Wir behalten uns das Recht vor, diese Datenschutzrichtlinie jederzeit zu \u00e4ndern. Alle \u00c4nderungen werden auf dieser Seite ver\u00f6ffentlicht.<\/p>\n","protected":false},"excerpt":{"rendered":"<p>Zuletzt aktualisiert: 13. November 2025 1. Datenverantwortlicher Der Verantwortliche f\u00fcr Ihre personenbezogenen Daten ist: VELSTAR HALDUS O\u00dc, Registrierungscode: 12601130, Umsatzsteuer-ID: EE102650662, E-Mail: info [at] velstarengineering.com. Wir verpflichten uns, Ihre Privatsph\u00e4re zu sch\u00fctzen. Diese Richtlinie beschreibt, wie wir mit personenbezogenen Daten &#8230; <a title=\"Datenschutzrichtlinie und Cookie-Richtlinie\" class=\"read-more\" href=\"https:\/\/velstarengineering.com\/de\/home\/datenschutzrichtlinie-und-cookie-richtlinie\/\" aria-label=\"Mehr Informationen \u00fcber Datenschutzrichtlinie und Cookie-Richtlinie\">Loe edasi<\/a><\/p>\n","protected":false},"author":2,"featured_media":0,"parent":8,"menu_order":0,"comment_status":"closed","ping_status":"closed","template":"","meta":{"footnotes":""},"class_list":["post-1331","page","type-page","status-publish"],"_links":{"self":[{"href":"https:\/\/velstarengineering.com\/de\/wp-json\/wp\/v2\/pages\/1331","targetHints":{"allow":["GET"]}}],"collection":[{"href":"https:\/\/velstarengineering.com\/de\/wp-json\/wp\/v2\/pages"}],"about":[{"href":"https:\/\/velstarengineering.com\/de\/wp-json\/wp\/v2\/types\/page"}],"author":[{"embeddable":true,"href":"https:\/\/velstarengineering.com\/de\/wp-json\/wp\/v2\/users\/2"}],"replies":[{"embeddable":true,"href":"https:\/\/velstarengineering.com\/de\/wp-json\/wp\/v2\/comments?post=1331"}],"version-history":[{"count":4,"href":"https:\/\/velstarengineering.com\/de\/wp-json\/wp\/v2\/pages\/1331\/revisions"}],"predecessor-version":[{"id":1337,"href":"https:\/\/velstarengineering.com\/de\/wp-json\/wp\/v2\/pages\/1331\/revisions\/1337"}],"up":[{"embeddable":true,"href":"https:\/\/velstarengineering.com\/de\/wp-json\/wp\/v2\/pages\/8"}],"wp:attachment":[{"href":"https:\/\/velstarengineering.com\/de\/wp-json\/wp\/v2\/media?parent=1331"}],"curies":[{"name":"wp","href":"https:\/\/api.w.org\/{rel}","templated":true}]}}