{"id":8,"date":"2022-01-03T21:04:34","date_gmt":"2022-01-03T21:04:34","guid":{"rendered":"https:\/\/gpsites.co\/freelance\/?page_id=7"},"modified":"2025-11-13T07:35:50","modified_gmt":"2025-11-13T07:35:50","slug":"home","status":"publish","type":"page","link":"https:\/\/velstarengineering.com\/de\/","title":{"rendered":"Startseite"},"content":{"rendered":"<div class=\"gb-container gb-container-cc53fb6a\">\n<div class=\"gb-container gb-container-f7aed075\">\n\n<p><\/p>\n\n\n\n<p><\/p>\n\n\n\n<h1 class=\"gb-headline gb-headline-cc50ef5c gb-headline-text\">Mechanische Konstruktion und<br>Produktentwicklung<\/h1>\n\n\n\n<div class=\"gb-headline gb-headline-a8ee66ff gb-headline-text pealkiriroheline\">Kompromisslose L\u00f6sungen<\/div>\n\n<\/div>\n<div class=\"gb-shapes\"><div class=\"gb-shape gb-shape-1\"><svg xmlns=\"http:\/\/www.w3.org\/2000\/svg\" viewBox=\"0 0 1200 70\" preserveAspectRatio=\"none\"><path d=\"M670 50L600 0l-70 50H0v20h1200V50z\"\/><\/svg><\/div><div class=\"gb-shape gb-shape-2\"><svg xmlns=\"http:\/\/www.w3.org\/2000\/svg\" viewBox=\"0 0 1200 70\" preserveAspectRatio=\"none\"><path d=\"M670 50L600 0l-70 50H0v20h1200V50z\"\/><\/svg><\/div><div class=\"gb-shape gb-shape-3\"><svg xmlns=\"http:\/\/www.w3.org\/2000\/svg\" viewBox=\"0 0 1200 70\" preserveAspectRatio=\"none\"><path d=\"M670 50L600 0l-70 50H0v20h1200V50z\"\/><\/svg><\/div><div class=\"gb-shape gb-shape-4\"><svg xmlns=\"http:\/\/www.w3.org\/2000\/svg\" viewBox=\"0 0 1200 70\" preserveAspectRatio=\"none\"><path d=\"M670 50L600 0l-70 50H0v20h1200V50z\"\/><\/svg><\/div><\/div><\/div>\n\n<div class=\"gb-container gb-container-8dce9062\">\n\n<p>Kein Problem hat nur eine bestimmte L\u00f6sung. Viele L\u00f6sungen k\u00f6nnen gut sein, aber einige sind einfach intelligenter. Velstar Engineering ist den  etzteren gewidmet. Stellen Sie uns auf die Probe und pr\u00e4sentieren Sie Ihre Herausforderung.<\/p>\n\n\n<div class=\"gb-container gb-container-71e0e552\">\n\n<div class=\"gb-headline gb-headline-6f75ad4a gb-headline-text pealkirisinine\">Wir k\u00f6nnen mit Folgendem helfen<\/div>\n\n<\/div>\n\n\n<ul class=\"wp-block-list\">\n<li>Maschinenbaukonstruktion und Produktentwicklung (der gesamte Prozess von der Problembeschreibung bis zu den Fertigungszeichnungen)<\/li>\n\n\n\n<li>Konzeptl\u00f6sungen<\/li>\n\n\n\n<li>Weiterentwicklung bestehender Produkte<\/li>\n\n\n\n<li>Festigkeitsanalysen (FEM, FEA)<\/li>\n\n\n\n<li>Kinematik\/Dynamik-Analysen und Simulationen<\/li>\n\n\n\n<li>3D-CAD-Modelle und Baugruppen<\/li>\n\n\n\n<li>Technische Dokumentation (2D-Produktionszeichnungen, St\u00fccklisten usw.)<\/li>\n\n\n\n<li>Technische Beratung<\/li>\n<\/ul>\n\n\n\n<div class=\"gb-headline gb-headline-c307f3dc gb-headline-text pealkiriroheline\">Warum Velstar Engineering?<\/div>\n\n\n\n<ul class=\"wp-block-list\">\n<li>Systematischer Ansatz<\/li>\n\n\n\n<li>Genauigkeit<\/li>\n\n\n\n<li>Kommunikation (wir denken immer mit!)<\/li>\n<\/ul>\n\n\n\n<div class=\"gb-headline gb-headline-78a7b806 gb-headline-text pealkiripunane\">Was haben wir bisher gemacht?<\/div>\n\n\n\n<p>Hier k\u00f6nnen Sie sich mit einigen der abgeschlossenen Arbeiten und deren kurzen Beschreibungen vertraut machen, die einen besseren \u00dcberblick \u00fcber die bisher durchgef\u00fchrten Projekte geben.<\/p>\n\n\n\n<a class=\"gb-button gb-button-bc6f7bde smooth-scroll\" href=\"https:\/\/velstarengineering.com\/de\/abgeschlossene-arbeiten\/\"><span class=\"gb-button-text\">Abgeschlossene Arbeiten<\/span><span class=\"gb-icon\">    <\/span><\/a>\n\n<\/div>","protected":false},"excerpt":{"rendered":"<p>Mechanische Konstruktion undProduktentwicklung Kompromisslose L\u00f6sungen Kein Problem hat nur eine bestimmte L\u00f6sung. Viele L\u00f6sungen k\u00f6nnen gut sein, aber einige sind einfach intelligenter. Velstar Engineering ist den etzteren gewidmet. Stellen Sie uns auf die Probe und pr\u00e4sentieren Sie Ihre Herausforderung. Wir &#8230; <a title=\"Startseite\" class=\"read-more\" href=\"https:\/\/velstarengineering.com\/de\/\" aria-label=\"Mehr Informationen \u00fcber Startseite\">Loe edasi<\/a><\/p>\n","protected":false},"author":2,"featured_media":0,"parent":0,"menu_order":0,"comment_status":"closed","ping_status":"closed","template":"","meta":{"footnotes":""},"class_list":["post-8","page","type-page","status-publish"],"_links":{"self":[{"href":"https:\/\/velstarengineering.com\/de\/wp-json\/wp\/v2\/pages\/8","targetHints":{"allow":["GET"]}}],"collection":[{"href":"https:\/\/velstarengineering.com\/de\/wp-json\/wp\/v2\/pages"}],"about":[{"href":"https:\/\/velstarengineering.com\/de\/wp-json\/wp\/v2\/types\/page"}],"author":[{"embeddable":true,"href":"https:\/\/velstarengineering.com\/de\/wp-json\/wp\/v2\/users\/2"}],"replies":[{"embeddable":true,"href":"https:\/\/velstarengineering.com\/de\/wp-json\/wp\/v2\/comments?post=8"}],"version-history":[{"count":2,"href":"https:\/\/velstarengineering.com\/de\/wp-json\/wp\/v2\/pages\/8\/revisions"}],"predecessor-version":[{"id":1329,"href":"https:\/\/velstarengineering.com\/de\/wp-json\/wp\/v2\/pages\/8\/revisions\/1329"}],"wp:attachment":[{"href":"https:\/\/velstarengineering.com\/de\/wp-json\/wp\/v2\/media?parent=8"}],"curies":[{"name":"wp","href":"https:\/\/api.w.org\/{rel}","templated":true}]}}