{"id":825,"date":"2022-01-03T21:04:46","date_gmt":"2022-01-03T21:04:46","guid":{"rendered":"https:\/\/gpsites.co\/freelance\/?page_id=9"},"modified":"2025-01-08T15:58:43","modified_gmt":"2025-01-08T15:58:43","slug":"abgeschlossene-arbeiten","status":"publish","type":"page","link":"https:\/\/velstarengineering.com\/de\/abgeschlossene-arbeiten\/","title":{"rendered":"Abgeschlossene Arbeiten"},"content":{"rendered":"<div class=\"gb-container gb-container-3efedb53 portfolio_hall_kast\">\n<div class=\"gb-grid-wrapper gb-grid-wrapper-ab455cca\">\n<div class=\"gb-grid-column gb-grid-column-35f32fbe\"><div class=\"gb-container gb-container-35f32fbe\">\n\n<h2 class=\"gb-headline gb-headline-a81d3d77 gb-headline-text\">Konstruktion und Prototypenbau einer Walzmaschine<\/h2>\n\n<\/div><\/div>\n\n<div class=\"gb-grid-column gb-grid-column-902b32d4\"><div class=\"gb-container gb-container-902b32d4\">\n\n<p>Ger\u00e4t zum schnellen und gleichzeitigen Biegen von vier (4) N\u00e4hten, die zur Herstellung eines Produkts aus d\u00fcnnem Blech erforderlich sind.<\/p>\n\n\n\n<h3 class=\"gb-headline gb-headline-b43d044e gb-headline-text\">Projektinhalt:<\/h3>\n\n\n\n<ul class=\"wp-block-list\">\n<li>Sammeln\/Analysieren von Hintergrundinformationen und Definieren des Problems,<\/li>\n\n\n\n<li>Entwicklung einer Konzeptl\u00f6sung in Zusammenarbeit mit dem Kunden,<\/li>\n\n\n\n<li>Auswahl mechanischer Kaufteile und Finden eines Lieferanten,<\/li>\n\n\n\n<li>Konstruktion des Rahmens und anderer mechanischer Teile des Ger\u00e4ts,<\/li>\n\n\n\n<li>Auswahl der Komponenten f\u00fcr das elektrische System,<\/li>\n\n\n\n<li>Programmierung einer SPS-Steuerung,<\/li>\n\n\n\n<li>Zusammenbau und Testen des Ger\u00e4ts<\/li>\n\n\n\n<li>Anpassung des Ger\u00e4ts an die Produktionssituation.<\/li>\n<\/ul>\n\n\n\n<h3 class=\"gb-headline gb-headline-08ef82e3 gb-headline-text\">Projektergebnis:<\/h3>\n\n\n\n<ul class=\"wp-block-list\">\n<li>Technische Zeichnungen und Diagramme f\u00fcr die Herstellung des Ger\u00e4ts.<\/li>\n\n\n\n<li>Physischer Prototyp des Ger\u00e4ts.<\/li>\n<\/ul>\n\n<\/div><\/div>\n<\/div>\n<\/div>\n\n<div class=\"gb-container gb-container-802f31c1 portfolio_hall_kast\">\n<div class=\"gb-grid-wrapper gb-grid-wrapper-6b4cd492\">\n<div class=\"gb-grid-column gb-grid-column-af88db48\"><div class=\"gb-container gb-container-af88db48\">\n\n<h2 class=\"gb-headline gb-headline-65d948a8 gb-headline-text\">Adapter zum Testen eines Au\u00dfenbord-motors f\u00fcr Boote<\/h2>\n\n<\/div><\/div>\n\n<div class=\"gb-grid-column gb-grid-column-ad1ddf98\"><div class=\"gb-container gb-container-ad1ddf98\">\n\n<p>Adapter zur Befestigung des Au\u00dfenbordmotors am Spiegel, der eine schnelle und bequeme Einstellung der Motorposition relativ zum Boot w\u00e4hrend einer Testfahrt erm\u00f6glicht. Ziel des Adapters ist es, die optimale Motorposition (Abstand und H\u00f6he) relativ zum Spiegel des Bootes w\u00e4hrend einer Testfahrt zu finden.<\/p>\n\n\n\n<h3 class=\"gb-headline gb-headline-1f8eda03 gb-headline-text\">Projektinhalt:<\/h3>\n\n\n\n<ul class=\"wp-block-list\">\n<li>Entwicklung des Konzepts in Zusammenarbeit mit dem Kunden,<\/li>\n\n\n\n<li>Auswahl mechanischer Kaufteile, Konstruktion mechanischer Teile.<\/li>\n<\/ul>\n\n\n\n<h3 class=\"gb-headline gb-headline-14cee562 gb-headline-text\">Projektergebnis:<\/h3>\n\n\n\n<ul class=\"wp-block-list\">\n<li>Technische Zeichnungen f\u00fcr die Herstellung des Adapters<\/li>\n<\/ul>\n\n<\/div><\/div>\n<\/div>\n<\/div>\n\n<div class=\"gb-container gb-container-97b31bb9 portfolio_hall_kast\">\n<div class=\"gb-grid-wrapper gb-grid-wrapper-8c7219f9\">\n<div class=\"gb-grid-column gb-grid-column-d9bf625b\"><div class=\"gb-container gb-container-d9bf625b\">\n\n<h2 class=\"gb-headline gb-headline-695f896c gb-headline-text\">Festigkeitsanalysen von Stahl-konstruktionen f\u00fcr ein F\u00e4hrterminalrohr<\/h2>\n\n<\/div><\/div>\n\n<div class=\"gb-grid-column gb-grid-column-6c8be321\"><div class=\"gb-container gb-container-6c8be321\">\n\n<h3 class=\"gb-headline gb-headline-f4d096c5 gb-headline-text\">Projektinhalt:<\/h3>\n\n\n\n<ul class=\"wp-block-list\">\n<li>Erstellung von Berechnungsmodellen entsprechend der vorhandenen Struktur<\/li>\n\n\n\n<li>Durchf\u00fchrung von Analysen mit der Finite-Elemente- Methode (FEM)<\/li>\n<\/ul>\n\n\n\n<h3 class=\"gb-headline gb-headline-27cf38ee gb-headline-text\">Projektergebnis:<\/h3>\n\n\n\n<ul class=\"wp-block-list\">\n<li>Bericht \u00fcber die Analyseergebnisse.<\/li>\n<\/ul>\n\n<\/div><\/div>\n<\/div>\n<\/div>\n\n<div class=\"gb-container gb-container-cd61474a portfolio_hall_kast\">\n<div class=\"gb-grid-wrapper gb-grid-wrapper-39870606\">\n<div class=\"gb-grid-column gb-grid-column-3456a2d8\"><div class=\"gb-container gb-container-3456a2d8\">\n\n<h2 class=\"gb-headline gb-headline-1dade182 gb-headline-text\">Kellerluke im Boden eines Einfamilien-hauses<\/h2>\n\n<\/div><\/div>\n\n<div class=\"gb-grid-column gb-grid-column-ab16973c\"><div class=\"gb-container gb-container-ab16973c\">\n\n<p>Holz-Kellerluke im Betonboden eines Einfamilienhauses, die sowohl elektrisch als auch manuell ge\u00f6ffnet werden kann. Die Luke kann auch manuell ge\u00f6ffnet werden, wenn kein Strom vorhanden ist oder der elektrische Antrieb ausf\u00e4llt.<\/p>\n\n\n\n<h3 class=\"gb-headline gb-headline-c61fdfbe gb-headline-text\">Projektinhalt:<\/h3>\n\n\n\n<ul class=\"wp-block-list\">\n<li>Entwicklung des Konzepts in Zusammenarbeit mit dem Kunden,<\/li>\n\n\n\n<li>Kinematik\/Dynamik-Analysen zur Entwicklung eines intelligenten \u00d6ffnungssystems<\/li>\n\n\n\n<li>Auswahl von Kaufteilen (verdeckte Scharniere und elektrischer Antrieb),<\/li>\n\n\n\n<li>Konstruktion mechanischer Teile.<\/li>\n<\/ul>\n\n\n\n<h3 class=\"gb-headline gb-headline-53b08f59 gb-headline-text\">Projektergebnis:<\/h3>\n\n\n\n<ul class=\"wp-block-list\">\n<li>Einzigartige mechanische L\u00f6sung, die das \u00d6ffnen der Luke sowohl elektrisch als auch manuell erm\u00f6glicht.<\/li>\n\n\n\n<li>Technische Zeichnungen f\u00fcr die Herstellung des Luke\u00d6ffnungssystems<\/li>\n<\/ul>\n\n<\/div><\/div>\n<\/div>\n<\/div>\n\n<div class=\"gb-container gb-container-1cc1c7ea portfolio_hall_kast\">\n<div class=\"gb-grid-wrapper gb-grid-wrapper-aa678473\">\n<div class=\"gb-grid-column gb-grid-column-341e6bc3\"><div class=\"gb-container gb-container-341e6bc3\">\n\n<h2 class=\"gb-headline gb-headline-92b5ea33 gb-headline-text\">Konzept einer mobilen W\u00e4scherei<\/h2>\n\n<\/div><\/div>\n\n<div class=\"gb-grid-column gb-grid-column-b07e17e4\"><div class=\"gb-container gb-container-b07e17e4\">\n\n<p>Mobile W\u00e4scherei, ausgestattet mit industriellen W\u00e4schereiger\u00e4ten (Tunnel+Presse) auf Sattelaufliegern zur schnellen Verlagerung, beispielsweise in Krisengebiete.<\/p>\n\n\n\n<h3 class=\"gb-headline gb-headline-b89245b9 gb-headline-text\">Projektinhalt:<\/h3>\n\n\n\n<ul class=\"wp-block-list\">\n<li>Sammeln und Analysieren von Hintergrundinformationen,<\/li>\n\n\n\n<li>Entwicklung des Layouts der Ger\u00e4te entsprechend der W\u00e4schereitechnologie und den Abmessungen der Ger\u00e4te.<\/li>\n<\/ul>\n\n\n\n<h3 class=\"gb-headline gb-headline-c71f5a84 gb-headline-text\">Projektergebnis:<\/h3>\n\n\n\n<ul class=\"wp-block-list\">\n<li>3D-CAD-Modell der entwickelten Konzeptl\u00f6sung<\/li>\n\n\n\n<li>2D-Layoutpl\u00e4ne der Ger\u00e4teplatzierung auf Sattelaufliegern und der Positionierung der Anh\u00e4nger im W\u00e4schereibetrieb.<\/li>\n<\/ul>\n\n<\/div><\/div>\n<\/div>\n<\/div>\n\n<div class=\"gb-container gb-container-cb5bf3eb portfolio_hall_kast\">\n<div class=\"gb-grid-wrapper gb-grid-wrapper-3d5382d5\">\n<div class=\"gb-grid-column gb-grid-column-d400a059\"><div class=\"gb-container gb-container-d400a059\">\n\n<h2 class=\"gb-headline gb-headline-fcee3dfd gb-headline-text\">Konstruktion eines leichteren Auslegers f\u00fcr einen Minibagger<\/h2>\n\n<\/div><\/div>\n\n<div class=\"gb-grid-column gb-grid-column-7def15fa\"><div class=\"gb-container gb-container-7def15fa\">\n\n<p>Minibagger, der als leichter Anh\u00e4nger von einem Pkw f\u00fcr Erdarbeiten gezogen wird, mit einer Gesamtmasse, die gr\u00f6\u00dfer ist als erlaubt. Die Aufgabe besteht darin, die vorhandene Auslegerkonstruktion zu analysieren und L\u00f6sungen zur Reduzierung der Masse zu finden.<\/p>\n\n\n\n<h3 class=\"gb-headline gb-headline-3d49e7a6 gb-headline-text\">Projektinhalt:<\/h3>\n\n\n\n<ul class=\"wp-block-list\">\n<li>Untersuchung und Analyse der vorhandenen Struktur,<\/li>\n\n\n\n<li>Erstellung eines Kinematik\/Dynamik-Modells,<\/li>\n\n\n\n<li>Simulation zur Ermittlung der Reaktionskr\u00e4fte in allen Gelenken im gesamten Bewegungsbereich des Auslegers zur Identifizierung der kritischsten Belastungssituationen,<\/li>\n\n\n\n<li>Konstruktion einer neuen Struktur mit optimalem Materialeinsatz unter Verwendung der ermittelten Reaktionskr\u00e4fte und des Autodesk Inventor-Tools \u201eShape Generator\u201c,<\/li>\n\n\n\n<li>Durchf\u00fchrung von Verifikationsberechnungen mit der Finite-Elemente-Methode (FEM).<\/li>\n<\/ul>\n\n\n\n<h3 class=\"gb-headline gb-headline-b778d0f0 gb-headline-text\">Projektergebnis:<\/h3>\n\n\n\n<ul class=\"wp-block-list\">\n<li>Etwa 50% leichtere Konstruktion.<\/li>\n\n\n\n<li>Technische Zeichnungen f\u00fcr die Herstellung der Auslegerteile.<\/li>\n<\/ul>\n\n<\/div><\/div>\n<\/div>\n<\/div>\n\n<div class=\"gb-container gb-container-5bffda86 portfolio_hall_kast\">\n<div class=\"gb-grid-wrapper gb-grid-wrapper-cf7cb57e\">\n<div class=\"gb-grid-column gb-grid-column-ff15999c\"><div class=\"gb-container gb-container-ff15999c\">\n\n<h2 class=\"gb-headline gb-headline-15ff9cde gb-headline-text\">Seitlich kippender Traktoranh\u00e4nger f\u00fcr den Torftransport<\/h2>\n\n<\/div><\/div>\n\n<div class=\"gb-grid-column gb-grid-column-cd8436a9\"><div class=\"gb-container gb-container-cd8436a9\">\n\n<p>Konstruktion eines neuen Anh\u00e4ngers mit gr\u00f6\u00dferer Kapazit\u00e4t und geringerer Masse basierend auf vorhandenen Anh\u00e4ngern und Benutzererfahrungen.<\/p>\n\n\n\n<h3 class=\"gb-headline gb-headline-905c8e5c gb-headline-text\">Projektinhalt:<\/h3>\n\n\n\n<ul class=\"wp-block-list\">\n<li>Untersuchung und Analyse vorhandener Anh\u00e4nger und Benutzererfahrungen,<\/li>\n\n\n\n<li>Entwicklung mehrerer Konzepte und Auswahl des besten in Zusammenarbeit mit dem Kunden,<\/li>\n\n\n\n<li>Kinematik\/Dynamik-Analyse f\u00fcr den Kipp- und Klappen\u00f6ffnungsmechanismus,<\/li>\n\n\n\n<li>Festigkeitsanalysen (FEM) f\u00fcr den Anh\u00e4nger- und Kastenrahmen zur Bestimmung der Gesamtfestigkeit und der Kippzylinderpositionen,<\/li>\n<\/ul>\n\n\n\n<h3 class=\"gb-headline gb-headline-a66c449d gb-headline-text\">Projektergebnis:<\/h3>\n\n\n\n<ul class=\"wp-block-list\">\n<li>28% Steigerung der Wasserkapazit\u00e4t des Kastens, 18% Steigerung des Leergewichts des Anh\u00e4ngers.<\/li>\n\n\n\n<li>Technische Zeichnungen f\u00fcr die Herstellung des Anh\u00e4ngers.<\/li>\n<\/ul>\n\n<\/div><\/div>\n<\/div>\n<\/div>\n\n<div class=\"gb-container gb-container-e4f4fa2d portfolio_hall_kast\">\n<div class=\"gb-grid-wrapper gb-grid-wrapper-2dceec09\">\n<div class=\"gb-grid-column gb-grid-column-8f020def\"><div class=\"gb-container gb-container-8f020def\">\n\n<h2 class=\"gb-headline gb-headline-1050aea2 gb-headline-text\">Baggerschaufel<\/h2>\n\n<\/div><\/div>\n\n<div class=\"gb-grid-column gb-grid-column-bf5e487c\"><div class=\"gb-container gb-container-bf5e487c\">\n\n<p>Konstruktion einer neuen Baggerschaufel basierend auf einer vorhandenen alten Baggerschaufel (keine Zeichnungen vorhanden) und Benutzererfahrungen, die modernen<br>Fertigungstechnologien und Materialien entsprechen.<\/p>\n\n\n\n<h3 class=\"gb-headline gb-headline-0562bba9 gb-headline-text\">Projektinhalt:<\/h3>\n\n\n\n<ul class=\"wp-block-list\">\n<li>Analyse und Vermessung vorhandener Baggerschaufel,<\/li>\n\n\n\n<li>3D-Konstruktion der Baggerschaufel.<\/li>\n<\/ul>\n\n\n\n<h3 class=\"gb-headline gb-headline-b58c03d1 gb-headline-text\">Projektergebnis:<\/h3>\n\n\n\n<ul class=\"wp-block-list\">\n<li>Technische Zeichnungen f\u00fcr die Herstellung der Baggerschaufel.<\/li>\n<\/ul>\n\n<\/div><\/div>\n<\/div>\n<\/div>\n\n<div class=\"gb-container gb-container-eb144037 portfolio_hall_kast\">\n<div class=\"gb-grid-wrapper gb-grid-wrapper-c8fa4aed\">\n<div class=\"gb-grid-column gb-grid-column-451187ca\"><div class=\"gb-container gb-container-451187ca\">\n\n<h2 class=\"gb-headline gb-headline-fb4e0307 gb-headline-text\">Festigkeitsanalysen von Stahl-konstruktionen f\u00fcr eine Werbetafel<\/h2>\n\n<\/div><\/div>\n\n<div class=\"gb-grid-column gb-grid-column-b0d350ed\"><div class=\"gb-container gb-container-b0d350ed\">\n\n<p>Festigkeitsanalyse (FEM) einer Gitterstruktur f\u00fcr eine Werbetafel (6 m x 3 m) auf einem  Sockel unter Windlast.<\/p>\n\n\n\n<h3 class=\"gb-headline gb-headline-1d08e08b gb-headline-text\">Projektinhalt:<\/h3>\n\n\n\n<ul class=\"wp-block-list\">\n<li>Berechnung der Windwiderstandskraft basierend auf dem Installationsort<\/li>\n\n\n\n<li>Erstellung von Berechnungsmodellen entsprechend der vorhandenen Struktur,<\/li>\n\n\n\n<li>Durchf\u00fchrung von Berechnungen mit der Finite- Elemente-Methode (FEM).<\/li>\n<\/ul>\n\n\n\n<h3 class=\"gb-headline gb-headline-1976c5fb gb-headline-text\">Projektergebnis:<\/h3>\n\n\n\n<ul class=\"wp-block-list\">\n<li>Bericht \u00fcber die Analyseergebnisse.<\/li>\n<\/ul>\n\n<\/div><\/div>\n<\/div>\n<\/div>\n\n<div class=\"gb-container gb-container-1b8f2b6c portfolio_hall_kast\">\n<div class=\"gb-grid-wrapper gb-grid-wrapper-bf704ff6\">\n<div class=\"gb-grid-column gb-grid-column-cb0101d2\"><div class=\"gb-container gb-container-cb0101d2\">\n\n<h2 class=\"gb-headline gb-headline-ec31cd9d gb-headline-text\">Konstruktion verschiedener Strukturteile\/ Baugruppen f\u00fcr Satelliten-bodenstation-<br>Antennen<\/h2>\n\n<\/div><\/div>\n\n<div class=\"gb-grid-column gb-grid-column-15840ac0\"><div class=\"gb-container gb-container-15840ac0\">\n\n<p>Konstruktion verschiedener mechanischer und struktureller Baugruppen.<\/p>\n\n\n\n<p>Zum Beispiel:<\/p>\n\n\n\n<ul class=\"wp-block-list\">\n<li>Konzept und detaillierte L\u00f6sung f\u00fcr Gitterknotenpunkte einer 5,5 m Reflektor-Backup- Struktur<\/li>\n\n\n\n<li>Konstruktion verschiedenen Quadrapoden f\u00fcr Subreflektoren<\/li>\n\n\n\n<li>Zugangstreppen und Plattformen f\u00fcr die Antennentragstruktur<\/li>\n<\/ul>\n\n<\/div><\/div>\n<\/div>\n<\/div>","protected":false},"excerpt":{"rendered":"","protected":false},"author":2,"featured_media":0,"parent":0,"menu_order":0,"comment_status":"closed","ping_status":"closed","template":"","meta":{"footnotes":""},"class_list":["post-825","page","type-page","status-publish"],"_links":{"self":[{"href":"https:\/\/velstarengineering.com\/de\/wp-json\/wp\/v2\/pages\/825","targetHints":{"allow":["GET"]}}],"collection":[{"href":"https:\/\/velstarengineering.com\/de\/wp-json\/wp\/v2\/pages"}],"about":[{"href":"https:\/\/velstarengineering.com\/de\/wp-json\/wp\/v2\/types\/page"}],"author":[{"embeddable":true,"href":"https:\/\/velstarengineering.com\/de\/wp-json\/wp\/v2\/users\/2"}],"replies":[{"embeddable":true,"href":"https:\/\/velstarengineering.com\/de\/wp-json\/wp\/v2\/comments?post=825"}],"version-history":[{"count":13,"href":"https:\/\/velstarengineering.com\/de\/wp-json\/wp\/v2\/pages\/825\/revisions"}],"predecessor-version":[{"id":1308,"href":"https:\/\/velstarengineering.com\/de\/wp-json\/wp\/v2\/pages\/825\/revisions\/1308"}],"wp:attachment":[{"href":"https:\/\/velstarengineering.com\/de\/wp-json\/wp\/v2\/media?parent=825"}],"curies":[{"name":"wp","href":"https:\/\/api.w.org\/{rel}","templated":true}]}}